{"id":2233,"date":"2022-10-13T12:28:33","date_gmt":"2022-10-13T12:28:33","guid":{"rendered":"https:\/\/avantirentacar.com\/normas-y-restricciones\/"},"modified":"2022-12-08T07:26:03","modified_gmt":"2022-12-08T07:26:03","slug":"reglas-y-restricciones","status":"publish","type":"page","link":"https:\/\/avantirentacar.com\/es?page_id=2233","title":{"rendered":"Reglas y restricciones"},"content":{"rendered":"\t\t<div data-elementor-type=\"wp-page\" data-elementor-id=\"2233\" class=\"elementor elementor-2233\">\n\t\t\t\t\t\t<section class=\"elementor-section elementor-top-section elementor-element elementor-element-71d0039 elementor-section-boxed elementor-section-height-default elementor-section-height-default\" data-id=\"71d0039\" data-element_type=\"section\" data-e-type=\"section\">\n\t\t\t\t\t\t<div class=\"elementor-container elementor-column-gap-default\">\n\t\t\t\t\t<div class=\"elementor-column elementor-col-100 elementor-top-column elementor-element elementor-element-f38a5b0\" data-id=\"f38a5b0\" data-element_type=\"column\" data-e-type=\"column\">\n\t\t\t<div class=\"elementor-widget-wrap elementor-element-populated\">\n\t\t\t\t\t\t<div class=\"elementor-element elementor-element-f954ffc elementor-widget elementor-widget-text-editor\" data-id=\"f954ffc\" data-element_type=\"widget\" data-e-type=\"widget\" data-widget_type=\"text-editor.default\">\n\t\t\t\t<div class=\"elementor-widget-container\">\n\t\t\t\t\t\t\t\t\t<p><strong>Resumen de las pol\u00edticas de alquiler<\/strong><\/p>\n<ul>\n<li>Resumen de las pol\u00edticas de alquiler<\/li>\n<li>La empresa de alquiler de coches proporciona las siguientes normas y restricciones.<\/li>\n<li>El conductor debe presentar un permiso de conducir v\u00e1lido y una tarjeta de cr\u00e9dito a su nombre en el momento de la recogida. La tarjeta de cr\u00e9dito es necesaria como dep\u00f3sito al alquilar cualquier veh\u00edculo. El importe de la fianza lo retiene la empresa de alquiler de coches. Aseg\u00farese de que hay fondos suficientes en la tarjeta.<\/li>\n<li>Los alquileres internacionales pueden tener diferentes requisitos de licencia de conducir. Se requiere un permiso de conducir internacional si el permiso de conducir no es de alfabeto romano.<\/li>\n<li>Pueden aplicarse cargos adicionales o restricciones a los conductores menores de 25 a\u00f1os o mayores de 70.<\/li>\n<li>Los gastos de repostaje, conductores adicionales, etc. no est\u00e1n incluidos en el precio total.<\/li>\n<li>El equipamiento especial, como los asientos para ni\u00f1os y el GPS, puede adquirirse al recoger el veh\u00edculo (si est\u00e1 disponible).<\/li>\n<li>Pueden aplicarse restricciones geogr\u00e1ficas, incluso para los contratos de alquiler que ofrecen kilometraje ilimitado. Algunas empresas de alquiler de coches no permiten llevar sus veh\u00edculos a trav\u00e9s de ciertas fronteras nacionales o internacionales, o pueden aplicar un cargo adicional por hacerlo.<\/li>\n<li>Su alquiler puede tener requisitos de seguro obligatorios y locales que dan lugar a cargos adicionales en el momento de la contrataci\u00f3n.<\/li>\n<li>El precio total incluye todos los impuestos y tasas obligatorios.<\/li>\n<li>Las tarifas de alquiler se deben pagar en el momento de la recogida.<\/li>\n<li>Salvo que se especifique lo contrario, las tarifas se expresan en d\u00f3lares estadounidenses.<\/li>\n<\/ul>\n<p><strong>Direcci\u00f3n<\/strong><\/p>\n<p>Recogida y entrega<\/p>\n<p>600 metros al este del Casino Fiesta, San Jos\u00e9, CRI 1005<\/p>\n<p><strong>Kilometraje<\/strong><\/p>\n<p>Kilometraje ilimitado<\/p>\n<p><strong>Horario de atenci\u00f3n al p\u00fablico<\/strong><\/p>\n<p><strong>Recogida<\/strong><br \/>19\/11\/2022: 7:30 &#8211; 18:00<\/p>\n<p><strong>Entrega<\/strong><br \/>28\/11\/2022: 7:30am &#8211; 6:00pm<\/p>\n<p><strong>Al llegar<\/strong><\/p>\n<p>Una persona estar\u00e1 fuera del aeropuerto esperando a todos los clientes con un cartel de alquiler de coches, i shuttle recoger\u00e1 a todos los clientes para llevarlos a la oficina principal situada a 1km de la terminal principal del aeropuerto shuttle service provided from san joses international airport. El agente estar\u00e1 esperando al cliente fuera de la terminal principal<\/p>\n<p><strong>Tasas de devoluci\u00f3n<\/strong><\/p>\n<p>Se cobrar\u00e1 una tarifa de 50 d\u00f3lares por trayecto a los coches que se devuelvan en nuestra oficina de Liberia. No se cobrar\u00e1 por las recogidas o devoluciones en el \u00e1rea metropolitana de San Jos\u00e9. Puede aplicarse un recargo a las recogidas o entregas fuera del \u00e1rea metropolitana de San Jos\u00e9.<\/p>\n<p><strong>Otros<\/strong><\/p>\n<p>Gracias por reservar usave auto rental san jose. A su llegada, un representante de usave le estar\u00e1 esperando fuera de la terminal principal. 1.866.267.1070 50624304648 50687733000 despu\u00e9s de 30 minutos su reserva se considerar\u00e1 no presentada. Se requerir\u00e1 un dep\u00f3sito en la tarjeta de cr\u00e9dito de entre 750 y 2500 m\u00e1s el importe estimado del alquiler en el momento del alquiler, dependiendo del tipo de veh\u00edculo.<\/p>\n<p>La oficina est\u00e1 abierta todos los d\u00edas de 7:00 a 19:00, para recogidas o entregas fuera del horario de oficina, por favor, p\u00f3ngase en contacto con la oficina en el +506-2430-0627 o +506-2430-4648 o +506-8773-3000 24 horas. Un n\u00famero de asistencia en carretera de 24 horas se le dar\u00e1 al cliente en el momento del alquiler un dep\u00f3sito ser\u00e1 requerido en el momento del alquiler m\u00e1s la cantidad estimada del alquiler. El dep\u00f3sito ser\u00e1 de entre us$500 y us$1500 para todos los sedanes. Us$500 y $2500 para todos los suvs y furgonetas.<\/p>\n<p><strong>Seguros<\/strong><\/p>\n<p>Cdw &#8211; exenci\u00f3n de da\u00f1os por colisi\u00f3n veh\u00edculos sed\u00e1n &#8230; Cdw &#8211; us$17.99 por d\u00eda \/ us$125.93 por semana cdw plus &#8211; us$27.99 por d\u00eda \/ us$ 195.93 por semana todos los veh\u00edculos suv y van&#8230; Cdw &#8211; us$20.99 por d\u00eda \/ us$146.93 por semana cdw plus &#8211; us$ 31.99 por d\u00eda \/ us$ 223.93 por semana *****el seguro de responsabilidad civil es obligatorio a menos que el cliente pueda proporcionar evidencia de cobertura de responsabilidad civil costarricense.***** el seguro de responsabilidad civil limita la responsabilidad del cliente sobre los da\u00f1os que pueda causar a terceros o propiedades a 20pct. El seguro tiene una cobertura de hasta 40 millones de colones por persona y 100 millones de colones por accidente. Costo de la cobertura de responsabilidad civil complementaria&#8230; Veh\u00edculos sed\u00e1n &#8230; Sli &#8211; us$16.99 por d\u00eda \/ us$118.93 por semana sli plus &#8211; us$24.99 por d\u00eda \/ us$ 174.93 por semana todos los veh\u00edculos suv y van&#8230; Sli &#8211; us$21.99 por d\u00eda \/ us$153.93 por semana sli plus &#8211; us$ 29.99 por d\u00eda \/ us$ 209.93 por semana.<\/p>\n<p><strong>Repostaje de vuelta<\/strong><\/p>\n<p>Los veh\u00edculos deben ser devueltos con la misma cantidad de gasolina, a menos que se haya comprado gasolina de prepago en el momento del alquiler. Se cobrar\u00e1 un recargo sobre los precios de las gasolineras por el combustible que falte.<\/p>\n<p><strong>Licencia de conducir<\/strong><\/p>\n<p>Se aceptan todos los permisos de conducir v\u00e1lidos siempre que no caduquen durante el tiempo de alquiler. El alquiler debe terminar antes de que el cliente haya estado en costa rica durante 3 meses. Se requiere una prueba de entrada en el momento del alquiler<\/p>\n<p><strong>Tarifas especiales<\/strong><\/p>\n<p>Los conductores adicionales se pueden a\u00f1adir a su contrato de alquiler en la recepci\u00f3n<\/p>\n<p>Restricciones y costes transfronterizos<\/p>\n<p>Restricciones y costes transfronterizos<\/p>\n<p>Todos los veh\u00edculos est\u00e1n restringidos para su uso dentro de las fronteras de costa rica<\/p>\n<p><strong>Formas de pago<\/strong><\/p>\n<p>Se aceptan tarjetas de d\u00e9bito para el pago y el dep\u00f3sito. Tenga en cuenta que la liberaci\u00f3n del dep\u00f3sito de la tarjeta de d\u00e9bito puede tardar varias semanas dependiendo del banco emisor<\/p>\n<p><strong>Restricciones de edad<\/strong><\/p>\n<p>Todos los conductores deben tener 21 a\u00f1os de edad. Los conductores menores de 25 a\u00f1os est\u00e1n sujetos a una tasa de 15 d\u00f3lares por d\u00eda.<\/p>\n\t\t\t\t\t\t\t\t<\/div>\n\t\t\t\t<\/div>\n\t\t\t\t\t<\/div>\n\t\t<\/div>\n\t\t\t\t\t<\/div>\n\t\t<\/section>\n\t\t\t\t<\/div>\n\t\t","protected":false},"excerpt":{"rendered":"<p>Resumen de las pol\u00edticas de alquiler Resumen de las pol\u00edticas de alquiler La empresa de alquiler de coches proporciona las siguientes normas y restricciones. El conductor debe presentar un permiso de conducir v\u00e1lido y una tarjeta de cr\u00e9dito a su nombre en el momento de la recogida. La tarjeta de cr\u00e9dito es necesaria como dep\u00f3sito [&hellip;]<\/p>\n","protected":false},"author":1,"featured_media":0,"parent":0,"menu_order":0,"comment_status":"closed","ping_status":"closed","template":"","meta":{"footnotes":""},"class_list":["post-2233","page","type-page","status-publish","hentry"],"_links":{"self":[{"href":"https:\/\/avantirentacar.com\/es\/index.php?rest_route=\/wp\/v2\/pages\/2233","targetHints":{"allow":["GET"]}}],"collection":[{"href":"https:\/\/avantirentacar.com\/es\/index.php?rest_route=\/wp\/v2\/pages"}],"about":[{"href":"https:\/\/avantirentacar.com\/es\/index.php?rest_route=\/wp\/v2\/types\/page"}],"author":[{"embeddable":true,"href":"https:\/\/avantirentacar.com\/es\/index.php?rest_route=\/wp\/v2\/users\/1"}],"replies":[{"embeddable":true,"href":"https:\/\/avantirentacar.com\/es\/index.php?rest_route=%2Fwp%2Fv2%2Fcomments&post=2233"}],"version-history":[{"count":5,"href":"https:\/\/avantirentacar.com\/es\/index.php?rest_route=\/wp\/v2\/pages\/2233\/revisions"}],"predecessor-version":[{"id":2443,"href":"https:\/\/avantirentacar.com\/es\/index.php?rest_route=\/wp\/v2\/pages\/2233\/revisions\/2443"}],"wp:attachment":[{"href":"https:\/\/avantirentacar.com\/es\/index.php?rest_route=%2Fwp%2Fv2%2Fmedia&parent=2233"}],"curies":[{"name":"wp","href":"https:\/\/api.w.org\/{rel}","templated":true}]}}