{"id":2386,"date":"2022-11-30T15:57:54","date_gmt":"2022-11-30T15:57:54","guid":{"rendered":"https:\/\/avantirentacar.com\/politica-de-devoluciones-y-reembolsos\/"},"modified":"2022-12-08T07:21:21","modified_gmt":"2022-12-08T07:21:21","slug":"terminos-y-condiciones","status":"publish","type":"page","link":"https:\/\/avantirentacar.com\/es?page_id=2386","title":{"rendered":"T\u00e9rminos y condiciones"},"content":{"rendered":"\r\n<h2>Terms and Conditions<\/h2>\r\n<p>Avanti Rent a Car, en adelante Avanti, es una empresa con sede en Costa Rica, propietaria y administradora del sitio web www.avantirentacar.com, un sitio virtual dedicado al alquiler de veh\u00edculos online.<\/p>\r\n<p>El USUARIO que desee acceder y\/o utilizar el sitio web www.avantirentacar.com declara expresamente que ha le\u00eddo y aceptado este ACUERDO DE CONDICIONES DE USO, junto con todas las dem\u00e1s pol\u00edticas y principios que rigen el sitio www.avantirentacar.com y que se incorporan al presente Acuerdo por referencia. Todo lo anterior es obligatorio y vinculante entre Avanti y el USUARIO que hace uso del sitio web. Si el USUARIO no est\u00e1 de acuerdo con este documento, no podr\u00e1 acceder y\/o utilizar el sitio web www.avantirentacar.com<\/p>\r\n<p>A los efectos del presente ACUERDO DE CONDICIONES DE USO, se desarrollan y definen a continuaci\u00f3n las siguientes cl\u00e1usulas, declaraciones y conceptos, independientemente de que se utilicen en singular o en plural:<\/p>\r\n<p><strong>Avanti<\/strong>: Plataforma virtual que permite al usuario alquilar coches online, en adelante Avanti.<\/p>\r\n<p><strong>USUARIO<\/strong>: Cualquier persona f\u00edsica, mayor de edad, que entre en www.avantirentacar.com para navegar por la web y\/o alquile un veh\u00edculo online. Se presume que el USUARIO tiene la capacidad mental y jur\u00eddica suficiente para adquirir los PRODUCTOS mediante el pago con tarjeta de cr\u00e9dito o d\u00e9bito.<\/p>\r\n<p><strong>PRODUCTO<\/strong>: Alquiler de veh\u00edculos usados.<\/p>\r\n<p><strong>N\u00daMERO DE PEDIDO<\/strong>: Numeraci\u00f3n que se utilizar\u00e1 para controlar los PRODUCTOS adquiridos por el USUARIO en www.avantirentacar.com<\/p>\r\n<h2>Registration account:<\/h2>\r\n<p>El sitio web de Avanti es gratuito, los importes a cobrar se aplican \u00fanicamente si el usuario decide contratar el servicio prestado por Avanti. El USUARIO debe ser mayor de dieciocho (18) a\u00f1os para aceptar y establecer este ACUERDO DE CONDICIONES DE USO vinculante en su nombre, lo anterior a trav\u00e9s de una cuenta de registro donde introducir\u00e1 sus datos personales y as\u00ed tener acceso al sitio web www.avantirentacar .com<\/p>\r\n<p>La cuenta que un USUARIO registra en Avanti es \u00fanica, personal e intransferible. El USUARIO se compromete a revisar peri\u00f3dicamente la informaci\u00f3n facilitada y a garantizar la validez y vigencia de los datos asociados a su cuenta de registro. Avanti tomar\u00e1 dicha informaci\u00f3n como v\u00e1lida y en base a dichos datos, proceder\u00e1 a notificar y entregar los PRODUCTOS que el USUARIO adquiera en Avanti.<\/p>\r\n<p>El USUARIO entiende y acepta que es el \u00fanico responsable de mantener la confidencialidad de sus datos de acceso a Avanti, as\u00ed como de cualquier otra informaci\u00f3n cr\u00edtica asociada a su cuenta de registro.<\/p>\r\n<p>Asimismo, el USUARIO se compromete a cumplir las recomendaciones de seguridad sugeridas por Avanti en el siguiente enlace de Pol\u00edtica de Privacidad, que forma parte integrante del presente CONTRATO DE USO.<\/p>\r\n<p>Este sitio incluye enlaces a otros sitios web operados por terceros. Estas conexiones se facilitan para la comodidad del USUARIO y como v\u00eda de acceso adicional a la informaci\u00f3n contenida en ellas. Avanti no ha revisado toda la informaci\u00f3n contenida en otros sitios web y no es responsable del contenido de otros sitios web ni de los productos o servicios que puedan ofrecerse a trav\u00e9s de otros sitios web. Los sitios web de terceros pueden contener informaci\u00f3n con la que Avanti est\u00e1 de acuerdo o no. Pueden aplicarse condiciones diferentes al uso de cualquiera de dichos sitios conectados.<\/p>\r\n<p>Avanti, a su entera discreci\u00f3n, podr\u00e1 cerrar, suspender o restringir el acceso de un USUARIO a su cuenta de registro en caso de que \u00e9ste infrinja el presente ACUERDO DE CONDICIONES DE USO y\/o cualquier otra pol\u00edtica que exista en el sitio web www.avantirentacar .com<\/p>\r\n<h2>Payment of PRODUCTS:<\/h2>\r\n<p>Al comprar un PRODUCTO, el USUARIO debe pagar el precio publicado. El USUARIO acepta la forma de pago y los procedimientos establecidos por Avanti para la adquisici\u00f3n de los PRODUCTOS ofrecidos en el sitio web www.avantirentacar.com. El precio de los PRODUCTOS publicados en Avanti se mostrar\u00e1 en d\u00f3lares estadounidenses.<\/p>\r\n<p>&nbsp;<\/p>\r\n<p>Avanti garantiza que las transacciones realizadas por el USUARIO dentro del sitio web <a href=\"https:\/\/avantirentacar.com\/es\/\">www.avantirentacar.com <\/a>son seguras y est\u00e1n respaldadas por una certificaci\u00f3n de seguridad internacional.<\/p>\r\n<p>Avanti se compromete con los USUARIOS a que la informaci\u00f3n personal y los datos bancarios facilitados son confidenciales y de uso exclusivo, la informaci\u00f3n personal y los datos de la tarjeta se utilizan \u00fanicamente para completar la transacci\u00f3n en www.avantirentacar.com, por lo que los USUARIOS pueden estar seguros y tranquilos al manejarla. Asimismo, puede acceder al enlace de pol\u00edticas para conocer y verificar la gesti\u00f3n de la base de datos. Dicho documento es parte integrante de este ACUERDO DE CONDICIONES DE USO.<\/p>\r\n<p>En caso de que el banco solicite informaci\u00f3n a Avanti sobre un pago realizado en el sitio web www.avantirentacar.com, el USUARIO ser\u00e1 contactado por Avanti para verificar su identidad y validar la transacci\u00f3n.<\/p>\r\n<p>El USUARIO acepta que, al adquirir PRODUCTOS en Avanti, est\u00e1 sujeto a la disponibilidad y cantidad previamente establecida por Avanti.<\/p>\r\n<h2>Responsibility:<\/h2>\r\n<p>Avanti se compromete a indicar el precio, la garant\u00eda, la disponibilidad y las caracter\u00edsticas de cada PRODUCTO vendido en el sitio web www.avantirentacar.com<\/p>\r\n<p>Avanti establecer\u00e1 el siguiente correo electr\u00f3nico <a href=\"mailto:sales@avantirentacar.com\">sales@avantirentacar.com<\/a> a disposici\u00f3n del USUARIO, destinado a recibir las consultas, sugerencias, comentarios y\/o quejas que el USUARIO pueda tener relacionadas con el funcionamiento y gesti\u00f3n del sistema, con el fin de optimizar su funcionamiento.<\/p>\r\n<p>En la medida en que lo permita la ley aplicable, el USUARIO entiende y acepta que ni Avanti ni ninguna de sus subsidiarias o filiales o terceros proveedores de contenido ser\u00e1n responsables de ning\u00fan da\u00f1o directo, indirecto o incidental relacionado con o resultante de su uso o su incapacidad de usar este sitio o cualquier otro sitio al que el USUARIO acceda a trav\u00e9s de una conexi\u00f3n desde este sitio o de cualquier acci\u00f3n que Avanti tome o deje de tomar como resultado de los mensajes de correo electr\u00f3nico que el USUARIO les env\u00ede. Estos incluyen da\u00f1os por errores, omisiones, interrupciones, defectos, retrasos, virus inform\u00e1ticos, p\u00e9rdida de beneficios, p\u00e9rdida de datos, acceso no autorizado y alteraci\u00f3n de sus transmisiones y datos, y otras p\u00e9rdidas tangibles e intangibles.<\/p>\r\n<h2>Intellectual property:<\/h2>\r\n<p>El material y el contenido del sitio web <a href=\"https:\/\/avantirentacar.com\/es\/\">www.avantirentacar.com <\/a>est\u00e1n protegidos por la legislaci\u00f3n actual y vigente de Costa Rica y por los convenios internacionales en materia de derechos de propiedad intelectual. El USUARIO reconoce y acepta expresamente que el uso del material o contenido publicado en Avanti no est\u00e1 permitido para fines comerciales u otros fines no descritos en este ACUERDO DE CONDICIONES DE USO, por lo que el USUARIO no podr\u00e1 copiar, descargar, comercializar, modificar, publicar, distribuir, crear obras o explotar de cualquier otro modo sin la previa autorizaci\u00f3n por escrito de Avanti.<\/p>\r\n<p>&nbsp;<\/p>\r\n<p>El contenido de Avanti tiene como \u00fanico objetivo la comercializaci\u00f3n de PRODUCTOS. En caso de que el USUARIO necesite asesoramiento espec\u00edfico sobre el PRODUCTO promocionado o su uso, puede escribir directamente a <a href=\"mailto:sales@avantirentacar.com\">sales@avantirentacar.com<\/a> con el motivo: asesoramiento, y all\u00ed mismo se le ayudar\u00e1. Avanti no se responsabiliza de ning\u00fan uso o decisi\u00f3n que el USUARIO realice en base a la informaci\u00f3n mostrada en el sitio web www.avantirentacar.com<\/p>\r\n<h2>System failures:<\/h2>\r\n<p>El USUARIO reconoce que puede haber interrupciones en el sitio web www.avantirentacar.com, debido a circunstancias, tanto dentro como fuera del control de Avanti.<\/p>\r\n<p>En caso de problemas t\u00e9cnicos, o de fallos en el sistema o en el servicio de Internet, no se garantizar\u00e1 el acceso y uso continuado o ininterrumpido del sitio web <a href=\"https:\/\/avantirentacar.com\/es\/\">www.avantirentacar.com<\/a>, aunque se har\u00e1n esfuerzos razonables para que permanezca activo.<\/p>\r\n<p>Avanti no se responsabiliza de los virus que puedan infectar el equipo del USUARIO como consecuencia del acceso y\/o uso del mismo, lo anterior como consecuencia de cualquier transferencia de datos, archivos, im\u00e1genes, textos, o cualquier uso indebido de la informaci\u00f3n mostrada en Avanti.<\/p>\r\n<p>El USUARIO no podr\u00e1 imputar ninguna responsabilidad ni exigir a Avanti el pago de p\u00e9rdidas de beneficios o da\u00f1os consecuentes, en virtud de los da\u00f1os derivados de dificultades t\u00e9cnicas o fallos en los sistemas o en Internet.<\/p>\r\n<h2>Contract modifications<\/h2>\r\n<p>Avanti podr\u00e1 en cualquier momento y cuando lo considere oportuno, sin necesidad de notificarlo al USUARIO, realizar correcciones, adiciones, mejoras o modificaciones al presente ACUERDO DE CONDICIONES DE USO. Dichas modificaciones y\/o adaptaciones ser\u00e1n aplicables al USUARIO desde el momento de su publicaci\u00f3n en Avanti. Es responsabilidad del USUARIO revisar peri\u00f3dicamente el ACUERDO DE CONDICIONES DE USO, la POL\u00cdTICA DE PRIVACIDAD y la POL\u00cdTICA DE DEVOLUCI\u00d3N para estar al tanto de dichas actualizaciones. No obstante lo anterior, cada vez que el USUARIO acceda al sitio web www.avantirentacar.com se considerar\u00e1 como una aceptaci\u00f3n absoluta de las modificaciones de dichos documentos.<\/p>\r\n","protected":false},"excerpt":{"rendered":"<p>Terms and Conditions Avanti Rent a Car, en adelante Avanti, es una empresa con sede en Costa Rica, propietaria y administradora del sitio web www.avantirentacar.com, un sitio virtual dedicado al alquiler de veh\u00edculos online. El USUARIO que desee acceder y\/o utilizar el sitio web www.avantirentacar.com declara expresamente que ha le\u00eddo y aceptado este ACUERDO DE [&hellip;]<\/p>\n","protected":false},"author":1,"featured_media":0,"parent":0,"menu_order":0,"comment_status":"closed","ping_status":"closed","template":"","meta":{"footnotes":""},"class_list":["post-2386","page","type-page","status-publish","hentry"],"_links":{"self":[{"href":"https:\/\/avantirentacar.com\/es\/index.php?rest_route=\/wp\/v2\/pages\/2386","targetHints":{"allow":["GET"]}}],"collection":[{"href":"https:\/\/avantirentacar.com\/es\/index.php?rest_route=\/wp\/v2\/pages"}],"about":[{"href":"https:\/\/avantirentacar.com\/es\/index.php?rest_route=\/wp\/v2\/types\/page"}],"author":[{"embeddable":true,"href":"https:\/\/avantirentacar.com\/es\/index.php?rest_route=\/wp\/v2\/users\/1"}],"replies":[{"embeddable":true,"href":"https:\/\/avantirentacar.com\/es\/index.php?rest_route=%2Fwp%2Fv2%2Fcomments&post=2386"}],"version-history":[{"count":6,"href":"https:\/\/avantirentacar.com\/es\/index.php?rest_route=\/wp\/v2\/pages\/2386\/revisions"}],"predecessor-version":[{"id":2440,"href":"https:\/\/avantirentacar.com\/es\/index.php?rest_route=\/wp\/v2\/pages\/2386\/revisions\/2440"}],"wp:attachment":[{"href":"https:\/\/avantirentacar.com\/es\/index.php?rest_route=%2Fwp%2Fv2%2Fmedia&parent=2386"}],"curies":[{"name":"wp","href":"https:\/\/api.w.org\/{rel}","templated":true}]}}