{"id":2303,"date":"2022-10-19T23:51:17","date_gmt":"2022-10-19T23:51:17","guid":{"rendered":"https:\/\/avantirentacar.com\/product\/van\/"},"modified":"2022-12-09T18:25:04","modified_gmt":"2022-12-09T18:25:04","slug":"van","status":"publish","type":"product","link":"https:\/\/avantirentacar.com\/es?product=van","title":{"rendered":"VAN"},"content":{"rendered":"<p>Mucho dentro del veh\u00edculo y equipaje que la mayor\u00eda de los autom\u00f3viles. Ideal para grupos de hasta 7 pasajeros.<\/p>\n<p><strong>Los precios solo incluyen tiempo y kilometraje.<\/strong><\/p>\n","protected":false},"excerpt":{"rendered":"<p>Mucho dentro del veh\u00edculo y equipaje que la mayor\u00eda de los autom\u00f3viles. Ideal para grupos de hasta 7 pasajeros. Los precios solo incluyen tiempo y kilometraje.<\/p>\n","protected":false},"featured_media":2199,"template":"","meta":[],"product_brand":[],"product_cat":[150],"product_tag":[],"class_list":{"0":"post-2303","1":"product","2":"type-product","3":"status-publish","4":"has-post-thumbnail","6":"product_cat-van-es","8":"first","9":"instock","10":"shipping-taxable","11":"purchasable","12":"product-type-redq_rental"},"_links":{"self":[{"href":"https:\/\/avantirentacar.com\/es\/index.php?rest_route=\/wp\/v2\/product\/2303","targetHints":{"allow":["GET"]}}],"collection":[{"href":"https:\/\/avantirentacar.com\/es\/index.php?rest_route=\/wp\/v2\/product"}],"about":[{"href":"https:\/\/avantirentacar.com\/es\/index.php?rest_route=\/wp\/v2\/types\/product"}],"wp:featuredmedia":[{"embeddable":true,"href":"https:\/\/avantirentacar.com\/es\/index.php?rest_route=\/wp\/v2\/media\/2199"}],"wp:attachment":[{"href":"https:\/\/avantirentacar.com\/es\/index.php?rest_route=%2Fwp%2Fv2%2Fmedia&parent=2303"}],"wp:term":[{"taxonomy":"product_brand","embeddable":true,"href":"https:\/\/avantirentacar.com\/es\/index.php?rest_route=%2Fwp%2Fv2%2Fproduct_brand&post=2303"},{"taxonomy":"product_cat","embeddable":true,"href":"https:\/\/avantirentacar.com\/es\/index.php?rest_route=%2Fwp%2Fv2%2Fproduct_cat&post=2303"},{"taxonomy":"product_tag","embeddable":true,"href":"https:\/\/avantirentacar.com\/es\/index.php?rest_route=%2Fwp%2Fv2%2Fproduct_tag&post=2303"}],"curies":[{"name":"wp","href":"https:\/\/api.w.org\/{rel}","templated":true}]}}